{"id":353,"date":"2023-12-14T10:39:10","date_gmt":"2023-12-14T09:39:10","guid":{"rendered":"https:\/\/elements4life.fr\/?page_id=353"},"modified":"2024-02-19T13:45:29","modified_gmt":"2024-02-19T12:45:29","slug":"news","status":"publish","type":"page","link":"https:\/\/elements4life.fr\/","title":{"rendered":"News"},"content":{"rendered":"<h3 style=\"text-align: center;\">Mars 2024<\/h3>\n<p style=\"text-align: center;\"><img fetchpriority=\"high\" decoding=\"async\" class=\"size-medium wp-image-870 aligncenter\" src=\"https:\/\/elements4life.fr\/wp-content\/uploads\/2024\/02\/Ceremonie-Cacao-Mars-2024-300x197.png\" alt=\"\" width=\"300\" height=\"197\" srcset=\"https:\/\/elements4life.fr\/wp-content\/uploads\/2024\/02\/Ceremonie-Cacao-Mars-2024-300x197.png 300w, https:\/\/elements4life.fr\/wp-content\/uploads\/2024\/02\/Ceremonie-Cacao-Mars-2024-500x329.png 500w, https:\/\/elements4life.fr\/wp-content\/uploads\/2024\/02\/Ceremonie-Cacao-Mars-2024.png 746w\" sizes=\"(max-width: 300px) 100vw, 300px\" \/><\/p>\n<p style=\"text-align: center;\">On ne force pas une rose \u00e0 s\u2019ouvrir, mais on peut favoriser son \u00e9closion en lui apportant du soleil \u2600\ufe0f tout en apportant de la lumi\u00e8re \u00e0 l\u2019obscurit\u00e9 pour voir plus clair \ud83c\udf15<br \/>\nLes cultures chamaniques \ud83e\udeb6consid\u00e8rent que chaque esp\u00e8ce v\u00e9g\u00e9tale \ud83c\udf43est dot\u00e9e d\u2019une intelligence propre \u2728<br \/>\nLe Cacao de grade c\u00e9r\u00e9moniel \ud83e\udd0e uni \u00e0 la m\u00e9decine de la Rose \ud83c\udf39 nous invite \u00e0 l\u2019ouverture du c\u0153ur ainsi qu\u2019\u00e0 celle de la conscience de notre vrai nature pour voir au del\u00e0 de nos identit\u00e9s et conditionnements avec les yeux de la gr\u00e2ce \ud83d\ude4f\ud83c\udffd<br \/>\nC\u2019est \u00e0 c\u0153ur joie de vous offrir cet espace pour c\u00e9l\u00e9brer et co-cr\u00e9er ensemble ce rituel de reliance afin d\u2019accueillir la floraison du Printemps<br \/>\n\ud83c\udf3f Anne, notre gardienne de cet espace Sacr\u00e9, a v\u00e9cu plusieurs ann\u00e9es sur les Terres du Mexique aupr\u00e9s d\u00b4une gu\u00e9risseuse qui lui a enseign\u00e9 et transmis de nombreux savoirs en M\u00e9decine Traditionnelle Mexicaine. Forte de ces enseignements, elle a acquis un savoir-faire et un savoir-\u00eatre, et nous guidera avec douceur et bienveillance durant ce voyage au c\u0153ur de nous-m\u00eame<\/p>\n<p style=\"text-align: center;\">\ud83d\udd49\ufe0f Vaita, th\u00e9rapeute holistique, originaire du Pacifique, c\u2019est dans cet immense oc\u00e9an que d\u00e9bute son voyage riche de culture et de coutume pour poursuivre son apprentissage \u00e0 travers le monde. Sa passion est de partager ses vibrations par diff\u00e9rent instrument de d\u00e9tente et de relaxation tel que les bols Tib\u00e9tains, gons, tambour de m\u00e9decine sacr\u00e9 et bien d\u2019autre encore<\/p>\n<p style=\"text-align: center;\">\ud83d\uddd3\ufe0f Samedi 2 Mars<br \/>\n\ud83d\udd51 14h-18h<br \/>\n\ud83d\udccd Aydat<br \/>\n\ud83e\udd0e 40\u20ac<\/p>\n<h3 style=\"text-align: center;\"><\/h3>\n<p>&nbsp;<\/p>\n<h3 style=\"text-align: center;\">D\u00e9cembre 2023<\/h3>\n<p style=\"text-align: center;\"><img decoding=\"async\" class=\"size-medium wp-image-345 aligncenter\" src=\"https:\/\/elements4life.fr\/wp-content\/uploads\/2023\/12\/408754054_10232851873458597_8694658888386425419_n-300x169.jpg\" alt=\"\" width=\"300\" height=\"169\" srcset=\"https:\/\/elements4life.fr\/wp-content\/uploads\/2023\/12\/408754054_10232851873458597_8694658888386425419_n-300x169.jpg 300w, https:\/\/elements4life.fr\/wp-content\/uploads\/2023\/12\/408754054_10232851873458597_8694658888386425419_n-1024x576.jpg 1024w, https:\/\/elements4life.fr\/wp-content\/uploads\/2023\/12\/408754054_10232851873458597_8694658888386425419_n-768x432.jpg 768w, https:\/\/elements4life.fr\/wp-content\/uploads\/2023\/12\/408754054_10232851873458597_8694658888386425419_n-1536x864.jpg 1536w, https:\/\/elements4life.fr\/wp-content\/uploads\/2023\/12\/408754054_10232851873458597_8694658888386425419_n-1140x641.jpg 1140w, https:\/\/elements4life.fr\/wp-content\/uploads\/2023\/12\/408754054_10232851873458597_8694658888386425419_n.jpg 1920w\" sizes=\"(max-width: 300px) 100vw, 300px\" \/><\/p>\n<p style=\"text-align: center;\"><em><strong>Un Temps pour Soi<\/strong><\/em><\/p>\n<p><strong>C\u00e9r\u00e9monie Cacao<\/strong> le samedi 16 D\u00e9cembre de 14h \u00e0 18h \u00e0 Aydat (63) avec Anne et Vaita. Cercle de partages, de paroles, de chants m\u00e9decine, de danses, fumigations, m\u00e9ditations, immersion sonore seront au rendez-vous pour se reconnecter \u00e0 Soi et se relier \u00e0 l&#8217;\u00e9nergie du groupe pour co-cr\u00e9er et accueillir ensemble la magie de la Mama Cacao. La participation est de 40\u20ac.<\/p>\n<p style=\"text-align: center;\">RITUEL &#8211; VOYAGE SONORE &#8211; INTENTION<\/p>\n","protected":false},"excerpt":{"rendered":"<p>Mars 2024 On ne force pas une rose &agrave; s&rsquo;ouvrir, mais on peut favoriser son &eacute;closion en lui apportant du soleil &#9728;&#65039; tout en apportant de la lumi&egrave;re &agrave; l&rsquo;obscurit&eacute; pour voir plus clair &eth;&#159;&#140;&#149; Les cultures chamaniques &eth;&#159;&ordf;&para;consid&egrave;rent que chaque esp&egrave;ce v&eacute;g&eacute;tale &eth;&#159;&#141;&#131;est dot&eacute;e d&rsquo;une intelligence propre &#10024; Le Cacao de grade c&eacute;r&eacute;moniel &eth;&#159;&curren;&#142; uni &agrave; la m&eacute;decine de la Rose &eth;&#159;&#140;&sup1; nous invite &agrave; l&rsquo;ouverture du c&oelig;ur ainsi qu&rsquo;&agrave; celle de la conscience de notre vrai nature pour voir au del&agrave; de nos identit&eacute;s et conditionnements avec les yeux de la gr&acirc;ce &eth;&#159;&#153;&#143;&eth;&#159;&#143;&frac12; C&rsquo;est &agrave; c&oelig;ur joie de vous offrir cet espace pour c&eacute;l&eacute;brer et co-cr&eacute;er ensemble ce rituel de reliance afin d&rsquo;accueillir la floraison du Printemps &eth;&#159;&#140;&iquest; Anne, notre gardienne de cet espace Sacr&eacute;, a v&eacute;cu plusieurs ann&eacute;es sur les Terres du Mexique aupr&eacute;s d&acute;une gu&eacute;risseuse qui lui a enseign&eacute; et transmis de nombreux savoirs en M&eacute;decine Traditionnelle Mexicaine. Forte de ces enseignements, elle a acquis un savoir-faire et un savoir-&ecirc;tre, et nous guidera avec douceur et bienveillance durant ce voyage au c&oelig;ur de nous-m&ecirc;me &eth;&#159;&#149;&#137;&#65039; Vaita, th&eacute;rapeute holistique, originaire du Pacifique, c&rsquo;est dans cet immense oc&eacute;an que d&eacute;bute son voyage riche de culture et de coutume pour poursuivre son apprentissage &agrave; travers le monde. Sa passion est de partager ses vibrations par diff&eacute;rent instrument de d&eacute;tente et de relaxation tel que les bols Tib&eacute;tains, gons, tambour de m&eacute;decine sacr&eacute; et bien d&rsquo;autre encore &eth;&#159;&#151;&#147;&#65039; Samedi 2 Mars &eth;&#159;&#149;&#145; 14h-18h &eth;&#159;&#147;&#141; Aydat &eth;&#159;&curren;&#142; 40&euro; &nbsp; D&eacute;cembre 2023 Un Temps pour Soi C&eacute;r&eacute;monie Cacao le samedi 16 D&eacute;cembre de 14h &agrave; 18h &agrave; Aydat (63) avec Anne et Vaita. Cercle de partages, de paroles, de chants m&eacute;decine, de danses, fumigations, m&eacute;ditations, immersion sonore seront au rendez-vous pour se reconnecter &agrave; Soi et se relier &agrave; l&rsquo;&eacute;nergie du groupe pour co-cr&eacute;er et accueillir ensemble la magie de la Mama Cacao. La participation est de 40&euro;. RITUEL &ndash; VOYAGE SONORE &ndash; INTENTION<\/p>\n","protected":false},"author":1,"featured_media":0,"parent":0,"menu_order":0,"comment_status":"closed","ping_status":"closed","template":"slider-featured-links-sidebar.php","meta":{"footnotes":"","_vp_format_video_url":"","_vp_image_focal_point":[]},"aioseo_notices":[],"_links":{"self":[{"href":"https:\/\/elements4life.fr\/index.php\/wp-json\/wp\/v2\/pages\/353"}],"collection":[{"href":"https:\/\/elements4life.fr\/index.php\/wp-json\/wp\/v2\/pages"}],"about":[{"href":"https:\/\/elements4life.fr\/index.php\/wp-json\/wp\/v2\/types\/page"}],"author":[{"embeddable":true,"href":"https:\/\/elements4life.fr\/index.php\/wp-json\/wp\/v2\/users\/1"}],"replies":[{"embeddable":true,"href":"https:\/\/elements4life.fr\/index.php\/wp-json\/wp\/v2\/comments?post=353"}],"version-history":[{"count":8,"href":"https:\/\/elements4life.fr\/index.php\/wp-json\/wp\/v2\/pages\/353\/revisions"}],"predecessor-version":[{"id":873,"href":"https:\/\/elements4life.fr\/index.php\/wp-json\/wp\/v2\/pages\/353\/revisions\/873"}],"wp:attachment":[{"href":"https:\/\/elements4life.fr\/index.php\/wp-json\/wp\/v2\/media?parent=353"}],"curies":[{"name":"wp","href":"https:\/\/api.w.org\/{rel}","templated":true}]}}