{"id":5,"date":"2023-12-02T18:00:17","date_gmt":"2023-12-02T17:00:17","guid":{"rendered":"https:\/\/elements4life.fr\/?page_id=5"},"modified":"2023-12-22T15:27:16","modified_gmt":"2023-12-22T14:27:16","slug":"qui-sommes-nous","status":"publish","type":"page","link":"https:\/\/elements4life.fr\/index.php\/qui-sommes-nous\/","title":{"rendered":"Qui sommes nous?"},"content":{"rendered":"\t\t<div data-elementor-type=\"wp-page\" data-elementor-id=\"5\" class=\"elementor elementor-5\">\n\t\t\t\t\t\t\t<div class=\"elementor-element elementor-element-44b4146c animated-slow e-flex e-con-boxed elementor-invisible e-con e-parent\" data-id=\"44b4146c\" data-element_type=\"container\" data-settings=\"{&quot;animation&quot;:&quot;zoomIn&quot;,&quot;container_type&quot;:&quot;flex&quot;,&quot;content_width&quot;:&quot;boxed&quot;}\" data-core-v316-plus=\"true\">\n\t\t\t\t\t<div class=\"e-con-inner\">\n\t\t\t\t<div class=\"elementor-element elementor-element-119e17ea animated-slow elementor-invisible elementor-widget elementor-widget-text-editor\" data-id=\"119e17ea\" data-element_type=\"widget\" data-settings=\"{&quot;_animation&quot;:&quot;zoomIn&quot;}\" data-widget_type=\"text-editor.default\">\n\t\t\t\t<div class=\"elementor-widget-container\">\n\t\t\t<style>\/*! elementor - v3.18.0 - 20-12-2023 *\/\n.elementor-widget-text-editor.elementor-drop-cap-view-stacked .elementor-drop-cap{background-color:#69727d;color:#fff}.elementor-widget-text-editor.elementor-drop-cap-view-framed .elementor-drop-cap{color:#69727d;border:3px solid;background-color:transparent}.elementor-widget-text-editor:not(.elementor-drop-cap-view-default) .elementor-drop-cap{margin-top:8px}.elementor-widget-text-editor:not(.elementor-drop-cap-view-default) .elementor-drop-cap-letter{width:1em;height:1em}.elementor-widget-text-editor .elementor-drop-cap{float:left;text-align:center;line-height:1;font-size:50px}.elementor-widget-text-editor .elementor-drop-cap-letter{display:inline-block}<\/style>\t\t\t\t<p style=\"text-align: center;\"><img fetchpriority=\"high\" decoding=\"async\" class=\"size-medium wp-image-192 aligncenter\" src=\"https:\/\/elements4life.fr\/wp-content\/uploads\/2023\/12\/62591591-FCB6-4E1F-AA02-855CE9B7509B-300x300.jpg\" alt=\"\" width=\"300\" height=\"300\" srcset=\"https:\/\/elements4life.fr\/wp-content\/uploads\/2023\/12\/62591591-FCB6-4E1F-AA02-855CE9B7509B-300x300.jpg 300w, https:\/\/elements4life.fr\/wp-content\/uploads\/2023\/12\/62591591-FCB6-4E1F-AA02-855CE9B7509B-1024x1024.jpg 1024w, https:\/\/elements4life.fr\/wp-content\/uploads\/2023\/12\/62591591-FCB6-4E1F-AA02-855CE9B7509B-150x150.jpg 150w, https:\/\/elements4life.fr\/wp-content\/uploads\/2023\/12\/62591591-FCB6-4E1F-AA02-855CE9B7509B-768x768.jpg 768w, https:\/\/elements4life.fr\/wp-content\/uploads\/2023\/12\/62591591-FCB6-4E1F-AA02-855CE9B7509B-1140x1140.jpg 1140w, https:\/\/elements4life.fr\/wp-content\/uploads\/2023\/12\/62591591-FCB6-4E1F-AA02-855CE9B7509B-75x75.jpg 75w, https:\/\/elements4life.fr\/wp-content\/uploads\/2023\/12\/62591591-FCB6-4E1F-AA02-855CE9B7509B.jpg 1440w\" sizes=\"(max-width: 300px) 100vw, 300px\" \/><\/p><p style=\"text-align: center;\"><strong>Qui sommes-nous?<\/strong><\/p><p style=\"text-align: center;\">Une belle partie de l\u2019humanit\u00e9 revient \u00e0 la nature, aux liens affectifs, \u00e0 la cr\u00e9ativit\u00e9, au silence, \u00e0 l\u2019art et \u00e0 la joie d\u2019\u00eatre ensemble. Et c\u2019est l\u00e0 que la vie nous a r\u00e9unit un jour d\u2019automne avec chacune son histoire et son bagage. D\u00e8s ce premier rendez-vous avec nous-m\u00eames, nous compr\u00eemes que nous venions d\u2019entamer un encha\u00eenement ordonn\u00e9 de fait, de part notre union dans des espaces emplis d\u2019amour. L\u2019une des choses que nous appr\u00e9cions le plus est la trame de m\u00e9lodies transformatrices.<br \/>Apr\u00e8s avoir compl\u00e9t\u00e9 ce dessin commun o\u00f9 chacune apporta sa touche \u00e9ventuelle de valeur d\u2019ombre et de lumi\u00e8re, c\u2019est ainsi que nous d\u00e9cidions de partager ce qui est pour nous la repr\u00e9sentation de la vrai sant\u00e9. Celle d\u2019avoir le c\u0153ur heureux, la joie de vivre, des id\u00e9es clair et cr\u00e9ative, l\u2019\u00e9nergie pour les r\u00e9aliser et un corps solide et harmonieux.<\/p><p style=\"text-align: center;\">\u00a0<\/p>\t\t\t\t\t\t<\/div>\n\t\t\t\t<\/div>\n\t\t\t\t\t<\/div>\n\t\t\t\t<\/div>\n\t\t\t\t\t\t\t<\/div>\n\t\t","protected":false},"excerpt":{"rendered":"<p>Qui sommes-nous? Une belle partie de l&rsquo;humanit&eacute; revient &agrave; la nature, aux liens affectifs, &agrave; la cr&eacute;ativit&eacute;, au silence, &agrave; l&rsquo;art et &agrave; la joie d&rsquo;&ecirc;tre ensemble. Et c&rsquo;est l&agrave; que la vie nous a r&eacute;unit un jour d&rsquo;automne avec chacune son histoire et son bagage. D&egrave;s ce premier rendez-vous avec nous-m&ecirc;mes, nous compr&icirc;mes que nous venions d&rsquo;entamer un encha&icirc;nement ordonn&eacute; de fait, de part notre union dans des espaces emplis d&rsquo;amour. L&rsquo;une des choses que nous appr&eacute;cions le plus est la trame de m&eacute;lodies transformatrices. Apr&egrave;s avoir compl&eacute;t&eacute; ce dessin commun o&ugrave; chacune apporta sa touche &eacute;ventuelle de valeur d&rsquo;ombre et de lumi&egrave;re, c&rsquo;est ainsi que nous d&eacute;cidions de partager ce qui est pour nous la repr&eacute;sentation de la vrai sant&eacute;. Celle d&rsquo;avoir le c&oelig;ur heureux, la joie de vivre, des id&eacute;es clair et cr&eacute;ative, l&rsquo;&eacute;nergie pour les r&eacute;aliser et un corps solide et harmonieux.<\/p>\n","protected":false},"author":1,"featured_media":0,"parent":0,"menu_order":0,"comment_status":"closed","ping_status":"closed","template":"slider-featured-links-sidebar.php","meta":{"footnotes":"","_vp_format_video_url":"","_vp_image_focal_point":[]},"aioseo_notices":[],"_links":{"self":[{"href":"https:\/\/elements4life.fr\/index.php\/wp-json\/wp\/v2\/pages\/5"}],"collection":[{"href":"https:\/\/elements4life.fr\/index.php\/wp-json\/wp\/v2\/pages"}],"about":[{"href":"https:\/\/elements4life.fr\/index.php\/wp-json\/wp\/v2\/types\/page"}],"author":[{"embeddable":true,"href":"https:\/\/elements4life.fr\/index.php\/wp-json\/wp\/v2\/users\/1"}],"replies":[{"embeddable":true,"href":"https:\/\/elements4life.fr\/index.php\/wp-json\/wp\/v2\/comments?post=5"}],"version-history":[{"count":24,"href":"https:\/\/elements4life.fr\/index.php\/wp-json\/wp\/v2\/pages\/5\/revisions"}],"predecessor-version":[{"id":417,"href":"https:\/\/elements4life.fr\/index.php\/wp-json\/wp\/v2\/pages\/5\/revisions\/417"}],"wp:attachment":[{"href":"https:\/\/elements4life.fr\/index.php\/wp-json\/wp\/v2\/media?parent=5"}],"curies":[{"name":"wp","href":"https:\/\/api.w.org\/{rel}","templated":true}]}}